{"id":3745,"date":"2021-05-26T17:26:43","date_gmt":"2021-05-26T20:26:43","guid":{"rendered":"https:\/\/pruebas.gux.cl\/?page_id=3745"},"modified":"2022-09-08T17:23:09","modified_gmt":"2022-09-08T21:23:09","slug":"potabilizacion","status":"publish","type":"page","link":"https:\/\/www.ecopreneur.pe\/en\/potabilizacion\/","title":{"rendered":"Potabilization"},"content":{"rendered":"<div data-vc-full-width=\"true\" data-vc-full-width-init=\"false\" class=\"vc_row wpb_row vc_row-fluid vc_custom_1651537688774 vc_row-has-fill vc_row-o-full-height vc_row-o-columns-middle vc_row-o-equal-height vc_row-o-content-middle vc_row-flex wd-rs-6270770a3840e\"><div class=\"wpb_column vc_column_container vc_col-sm-6 wd-alignment-left\"><div class=\"vc_column-inner\"><div class=\"wpb_wrapper\"><div class=\"vc_separator wpb_content_element vc_separator_align_left vc_sep_width_40 vc_sep_border_width_2 vc_sep_pos_align_left vc_sep_color_blue wpb_animate_when_almost_visible wpb_bounceIn bounceIn vc_separator-has-text\" ><span class=\"vc_sep_holder vc_sep_holder_l\"><span  class=\"vc_sep_line\"><\/span><\/span><h4>Potabilization<\/h4><span class=\"vc_sep_holder vc_sep_holder_r\"><span  class=\"vc_sep_line\"><\/span><\/span>\n<\/div>\n\t<div class=\"wpb_text_column wpb_content_element\" >\n\t\t<div class=\"wpb_wrapper\">\n\t\t\t<h3 class=\"title-24\">The purification of water for human consumption includes various water transformation processes, depending on the contaminants found in the water to be treated.<\/h3>\n<p>&nbsp;<\/p>\n\n\t\t<\/div>\n\t<\/div>\n<\/div><\/div><\/div><div class=\"wpb_column vc_column_container vc_col-sm-6 wd-alignment-left wd-rs-627051ca9346e\"><div class=\"vc_column-inner vc_custom_1651528150646\"><div class=\"wpb_wrapper\">\n\t<div class=\"wpb_text_column wpb_content_element\" >\n\t\t<div class=\"wpb_wrapper\">\n\t\t\t<p>In surface water from rivers, lakes and other springs, it is usually necessary to lower high levels of suspended solids, turbidity, color and eventually content of some metals such as iron and manganese. When it comes to groundwater, it is possible to find contaminants such as arsenic, iron and manganese and varied contents of dissolved solids.<\/p>\n<p>On the other hand, it is possible to obtain drinking water through the desalination of seawater, or brackish water with high salt content.<\/p>\n\n\t\t<\/div>\n\t<\/div>\n<\/div><\/div><\/div><\/div><div class=\"vc_row-full-width vc_clearfix\"><\/div><div data-vc-full-width=\"true\" data-vc-full-width-init=\"false\" data-vc-stretch-content=\"true\" class=\"vc_row wpb_row vc_row-fluid vc_custom_1651537184404 vc_row-has-fill vc_row-no-padding wd-rs-627074d83670c\"><div class=\"wpb_column vc_column_container vc_col-sm-12 wd-alignment-left\"><div class=\"vc_column-inner\"><div class=\"wpb_wrapper\"><div class=\"vc_separator wpb_content_element vc_separator_align_center vc_sep_width_100 vc_sep_pos_align_center vc_sep_color_blue title-30 vc_separator-has-text\" ><span class=\"vc_sep_holder vc_sep_holder_l\"><span  class=\"vc_sep_line\"><\/span><\/span><h4>Featured Projects<\/h4><span class=\"vc_sep_holder vc_sep_holder_r\"><span  class=\"vc_sep_line\"><\/span><\/span>\n<\/div>\t\n\t<style>\n.inner-carousel-item {  position: relative;  height: 220px;overflow: hidden;}\n.inner-carousel-item img{position:absolute;left:0;top:0;width:100%;height:100%;object-fit:cover}\n.inner-carousel-item .cap{position: absolute; width:100%;height:100%;left:0;top:0;background:transparent;z-index: 9;transition:all 500ms ease-in}\n.inner-carousel-item .title-box-item{ background:#fff; position:absolute;width:80%;left:10%;bottom:7%;\npadding: 12px 8px ; border-radius:8px; color:#575757; font-weight:bold;font-size:14px;\ntext-decoration:none}\n.inner-carousel-item .mid-title {opacity: 1;\n\tposition: absolute;\n    left: 0;\n    top: 50%;\n    display: block;\n    width: 100%;\n   \n    font-weight: bold;\n    text-align: center;\n    text-decoration: none;\n    text-transform: uppercase;\n    \n    margin-top: -15px;\n\ttransition:all 500ms ease-in}\n\t.inner-carousel-item .cap{background:rgb(0 0 0 \/ 40%);}\n\t.cat-project{display:block; margin-bottom:3px;}\n\t.cat-project a{font-size:12px; color:#d5d5d5;font-weight:normal; text-shadow: 0 0 7px #000;}\n\t.title-link-fdv{font-size: 14px; color:#d5d5d5; text-shadow: 0 0 7px #000;}\n\t.title-link-fdv:hover{color:#f3f3f3;}\n\t\n\/*\t#proyectos .owl-dots{display:block;}*\/\n<\/style>\n<div id=\"\" class=\"owl-carousel owl-theme -c\">\t\t<div class=\"item-sld-crr\">\n\t\t\t<div class=\"inner-carousel-item\">\n\t\t\t\t<img loading=\"lazy\" decoding=\"async\" width=\"1228\" height=\"681\" src=\"https:\/\/www.ecopreneur.pe\/wp-content\/uploads\/2022\/03\/MINA-JUSTA-Planta-de-aguas-potable.jpg\" class=\"attachment-4837 size-4837 wp-post-image\" alt=\"\" medium=\"\" srcset=\"https:\/\/www.ecopreneur.pe\/wp-content\/uploads\/2022\/03\/MINA-JUSTA-Planta-de-aguas-potable.jpg 1228w, https:\/\/www.ecopreneur.pe\/wp-content\/uploads\/2022\/03\/MINA-JUSTA-Planta-de-aguas-potable-300x166.jpg 300w, https:\/\/www.ecopreneur.pe\/wp-content\/uploads\/2022\/03\/MINA-JUSTA-Planta-de-aguas-potable-1024x568.jpg 1024w, https:\/\/www.ecopreneur.pe\/wp-content\/uploads\/2022\/03\/MINA-JUSTA-Planta-de-aguas-potable-768x426.jpg 768w\" sizes=\"auto, (max-width: 1228px) 100vw, 1228px\" \/>\t\t\t\t<div class=\"cap\">\n\t\t\t\t        <div  class=\"mid-title\">\n\t\t\t\t            <span class=\"cat-project\"><a href=\"https:\/\/www.ecopreneur.pe\/en\/portfolio\/mina-justa-planta-de-aguas-potable\/\">Potabilization<\/a><\/span>\n\t\t\t\t\t\t    <a class=\"title-link-fdv\" href=\"https:\/\/www.ecopreneur.pe\/en\/portfolio\/mina-justa-planta-de-aguas-potable\/\">\n\t\t\t\t\t\tJUSTA MINE - PAP<\/a><\/div>\n\t\t\t\t\t\t\n\t\t\t\t<\/div>\n\t\t\t<\/div>\n\t\t<\/div>\n\t\t\t<div class=\"item-sld-crr\">\n\t\t\t<div class=\"inner-carousel-item\">\n\t\t\t\t<img loading=\"lazy\" decoding=\"async\" width=\"685\" height=\"513\" src=\"https:\/\/www.ecopreneur.pe\/wp-content\/uploads\/2022\/03\/LAS-BAMBAS-\u2013-Planta-de-tratamiento-de-agua-Potable-6m3h.jpg\" class=\"attachment-4735 size-4735 wp-post-image\" alt=\"\" medium=\"\" srcset=\"https:\/\/www.ecopreneur.pe\/wp-content\/uploads\/2022\/03\/LAS-BAMBAS-\u2013-Planta-de-tratamiento-de-agua-Potable-6m3h.jpg 685w, https:\/\/www.ecopreneur.pe\/wp-content\/uploads\/2022\/03\/LAS-BAMBAS-\u2013-Planta-de-tratamiento-de-agua-Potable-6m3h-300x225.jpg 300w\" sizes=\"auto, (max-width: 685px) 100vw, 685px\" \/>\t\t\t\t<div class=\"cap\">\n\t\t\t\t        <div  class=\"mid-title\">\n\t\t\t\t            <span class=\"cat-project\"><a href=\"https:\/\/www.ecopreneur.pe\/en\/portfolio\/lasbambas\/\">Potabilization<\/a><\/span>\n\t\t\t\t\t\t    <a class=\"title-link-fdv\" href=\"https:\/\/www.ecopreneur.pe\/en\/portfolio\/lasbambas\/\">\n\t\t\t\t\t\tLAS BAMBAS<\/a><\/div>\n\t\t\t\t\t\t\n\t\t\t\t<\/div>\n\t\t\t<\/div>\n\t\t<\/div>\n\t\t\t<div class=\"item-sld-crr\">\n\t\t\t<div class=\"inner-carousel-item\">\n\t\t\t\t<img loading=\"lazy\" decoding=\"async\" width=\"1440\" height=\"1080\" src=\"https:\/\/www.ecopreneur.pe\/wp-content\/uploads\/2022\/03\/LAS-BAMBAS-Planta-de-tratamiento-de-agua-Potable-1500m3d-scaled-1.jpg\" class=\"attachment-4740 size-4740 wp-post-image\" alt=\"\" medium=\"\" srcset=\"https:\/\/www.ecopreneur.pe\/wp-content\/uploads\/2022\/03\/LAS-BAMBAS-Planta-de-tratamiento-de-agua-Potable-1500m3d-scaled-1.jpg 1440w, https:\/\/www.ecopreneur.pe\/wp-content\/uploads\/2022\/03\/LAS-BAMBAS-Planta-de-tratamiento-de-agua-Potable-1500m3d-scaled-1-300x225.jpg 300w, https:\/\/www.ecopreneur.pe\/wp-content\/uploads\/2022\/03\/LAS-BAMBAS-Planta-de-tratamiento-de-agua-Potable-1500m3d-scaled-1-1024x768.jpg 1024w, https:\/\/www.ecopreneur.pe\/wp-content\/uploads\/2022\/03\/LAS-BAMBAS-Planta-de-tratamiento-de-agua-Potable-1500m3d-scaled-1-768x576.jpg 768w, https:\/\/www.ecopreneur.pe\/wp-content\/uploads\/2022\/03\/LAS-BAMBAS-Planta-de-tratamiento-de-agua-Potable-1500m3d-scaled-1-1536x1152.jpg 1536w, https:\/\/www.ecopreneur.pe\/wp-content\/uploads\/2022\/03\/LAS-BAMBAS-Planta-de-tratamiento-de-agua-Potable-1500m3d-scaled-1-2048x1536.jpg 2048w\" sizes=\"auto, (max-width: 1440px) 100vw, 1440px\" \/>\t\t\t\t<div class=\"cap\">\n\t\t\t\t        <div  class=\"mid-title\">\n\t\t\t\t            <span class=\"cat-project\"><a href=\"https:\/\/www.ecopreneur.pe\/en\/portfolio\/las-bambas-2\/\">Potabilization<\/a><\/span>\n\t\t\t\t\t\t    <a class=\"title-link-fdv\" href=\"https:\/\/www.ecopreneur.pe\/en\/portfolio\/las-bambas-2\/\">\n\t\t\t\t\t\tLAS BAMBAS 2<\/a><\/div>\n\t\t\t\t\t\t\n\t\t\t\t<\/div>\n\t\t\t<\/div>\n\t\t<\/div>\n\t\t\t<div class=\"item-sld-crr\">\n\t\t\t<div class=\"inner-carousel-item\">\n\t\t\t\t<img loading=\"lazy\" decoding=\"async\" width=\"700\" height=\"900\" src=\"https:\/\/www.ecopreneur.pe\/wp-content\/uploads\/2021\/07\/elcarmelo_1.jpg\" class=\"attachment-4261 size-4261 wp-post-image\" alt=\"\" medium=\"\" srcset=\"https:\/\/www.ecopreneur.pe\/wp-content\/uploads\/2021\/07\/elcarmelo_1.jpg 700w, https:\/\/www.ecopreneur.pe\/wp-content\/uploads\/2021\/07\/elcarmelo_1-233x300.jpg 233w\" sizes=\"auto, (max-width: 700px) 100vw, 700px\" \/>\t\t\t\t<div class=\"cap\">\n\t\t\t\t        <div  class=\"mid-title\">\n\t\t\t\t            <span class=\"cat-project\"><a href=\"https:\/\/www.ecopreneur.pe\/en\/portfolio\/el-carmelo\/\">Potabilization<\/a><\/span>\n\t\t\t\t\t\t    <a class=\"title-link-fdv\" href=\"https:\/\/www.ecopreneur.pe\/en\/portfolio\/el-carmelo\/\">\n\t\t\t\t\t\tAltiplano waters El Carmelo<\/a><\/div>\n\t\t\t\t\t\t\n\t\t\t\t<\/div>\n\t\t\t<\/div>\n\t\t<\/div>\n\t\t\t<div class=\"item-sld-crr\">\n\t\t\t<div class=\"inner-carousel-item\">\n\t\t\t\t<img loading=\"lazy\" decoding=\"async\" width=\"1080\" height=\"1440\" src=\"https:\/\/www.ecopreneur.pe\/wp-content\/uploads\/2022\/03\/MINA-QUELLAVECO-Planta-de-agua-potable-Campamento-Caracoles-1-scaled-2.jpeg\" class=\"attachment-4756 size-4756 wp-post-image\" alt=\"\" medium=\"\" srcset=\"https:\/\/www.ecopreneur.pe\/wp-content\/uploads\/2022\/03\/MINA-QUELLAVECO-Planta-de-agua-potable-Campamento-Caracoles-1-scaled-2.jpeg 1080w, https:\/\/www.ecopreneur.pe\/wp-content\/uploads\/2022\/03\/MINA-QUELLAVECO-Planta-de-agua-potable-Campamento-Caracoles-1-scaled-2-225x300.jpeg 225w, https:\/\/www.ecopreneur.pe\/wp-content\/uploads\/2022\/03\/MINA-QUELLAVECO-Planta-de-agua-potable-Campamento-Caracoles-1-scaled-2-768x1024.jpeg 768w, https:\/\/www.ecopreneur.pe\/wp-content\/uploads\/2022\/03\/MINA-QUELLAVECO-Planta-de-agua-potable-Campamento-Caracoles-1-scaled-2-1152x1536.jpeg 1152w, https:\/\/www.ecopreneur.pe\/wp-content\/uploads\/2022\/03\/MINA-QUELLAVECO-Planta-de-agua-potable-Campamento-Caracoles-1-scaled-2-1536x2048.jpeg 1536w\" sizes=\"auto, (max-width: 1080px) 100vw, 1080px\" \/>\t\t\t\t<div class=\"cap\">\n\t\t\t\t        <div  class=\"mid-title\">\n\t\t\t\t            <span class=\"cat-project\"><a href=\"https:\/\/www.ecopreneur.pe\/en\/portfolio\/mina-quellaveco-caracoles\/\">Potabilization<\/a><\/span>\n\t\t\t\t\t\t    <a class=\"title-link-fdv\" href=\"https:\/\/www.ecopreneur.pe\/en\/portfolio\/mina-quellaveco-caracoles\/\">\n\t\t\t\t\t\tQUELLAVECO MINE PAP CARACOLES<\/a><\/div>\n\t\t\t\t\t\t\n\t\t\t\t<\/div>\n\t\t\t<\/div>\n\t\t<\/div>\n\t\t\t<div class=\"item-sld-crr\">\n\t\t\t<div class=\"inner-carousel-item\">\n\t\t\t\t<img loading=\"lazy\" decoding=\"async\" width=\"1040\" height=\"780\" src=\"https:\/\/www.ecopreneur.pe\/wp-content\/uploads\/2022\/03\/MINA-QUELLAVECO-PAP-PAPUJUNE-2.jpg\" class=\"attachment-4750 size-4750 wp-post-image\" alt=\"\" medium=\"\" srcset=\"https:\/\/www.ecopreneur.pe\/wp-content\/uploads\/2022\/03\/MINA-QUELLAVECO-PAP-PAPUJUNE-2.jpg 1040w, https:\/\/www.ecopreneur.pe\/wp-content\/uploads\/2022\/03\/MINA-QUELLAVECO-PAP-PAPUJUNE-2-300x225.jpg 300w, https:\/\/www.ecopreneur.pe\/wp-content\/uploads\/2022\/03\/MINA-QUELLAVECO-PAP-PAPUJUNE-2-1024x768.jpg 1024w, https:\/\/www.ecopreneur.pe\/wp-content\/uploads\/2022\/03\/MINA-QUELLAVECO-PAP-PAPUJUNE-2-768x576.jpg 768w\" sizes=\"auto, (max-width: 1040px) 100vw, 1040px\" \/>\t\t\t\t<div class=\"cap\">\n\t\t\t\t        <div  class=\"mid-title\">\n\t\t\t\t            <span class=\"cat-project\"><a href=\"https:\/\/www.ecopreneur.pe\/en\/portfolio\/mina-quellavecopappapujune\/\">Potabilization<\/a><\/span>\n\t\t\t\t\t\t    <a class=\"title-link-fdv\" href=\"https:\/\/www.ecopreneur.pe\/en\/portfolio\/mina-quellavecopappapujune\/\">\n\t\t\t\t\t\tQUELLAVECO MINE PAP PAPUJUNE<\/a><\/div>\n\t\t\t\t\t\t\n\t\t\t\t<\/div>\n\t\t\t<\/div>\n\t\t<\/div>\n\t\t\t<div class=\"item-sld-crr\">\n\t\t\t<div class=\"inner-carousel-item\">\n\t\t\t\t<img loading=\"lazy\" decoding=\"async\" width=\"700\" height=\"900\" src=\"https:\/\/www.ecopreneur.pe\/wp-content\/uploads\/2021\/07\/el_sauce_1.jpg\" class=\"attachment-4271 size-4271 wp-post-image\" alt=\"\" medium=\"\" srcset=\"https:\/\/www.ecopreneur.pe\/wp-content\/uploads\/2021\/07\/el_sauce_1.jpg 700w, https:\/\/www.ecopreneur.pe\/wp-content\/uploads\/2021\/07\/el_sauce_1-233x300.jpg 233w\" sizes=\"auto, (max-width: 700px) 100vw, 700px\" \/>\t\t\t\t<div class=\"cap\">\n\t\t\t\t        <div  class=\"mid-title\">\n\t\t\t\t            <span class=\"cat-project\"><a href=\"https:\/\/www.ecopreneur.pe\/en\/portfolio\/el-sauce\/\">Potabilization<\/a><\/span>\n\t\t\t\t\t\t    <a class=\"title-link-fdv\" href=\"https:\/\/www.ecopreneur.pe\/en\/portfolio\/el-sauce\/\">\n\t\t\t\t\t\tESVAL El Sauce<\/a><\/div>\n\t\t\t\t\t\t\n\t\t\t\t<\/div>\n\t\t\t<\/div>\n\t\t<\/div>\n\t\t\t<div class=\"item-sld-crr\">\n\t\t\t<div class=\"inner-carousel-item\">\n\t\t\t\t<img loading=\"lazy\" decoding=\"async\" width=\"1040\" height=\"780\" src=\"https:\/\/www.ecopreneur.pe\/wp-content\/uploads\/2022\/03\/MINA-QUELLAVECO-PAP-MINA.jpg\" class=\"attachment-4743 size-4743 wp-post-image\" alt=\"\" medium=\"\" srcset=\"https:\/\/www.ecopreneur.pe\/wp-content\/uploads\/2022\/03\/MINA-QUELLAVECO-PAP-MINA.jpg 1040w, https:\/\/www.ecopreneur.pe\/wp-content\/uploads\/2022\/03\/MINA-QUELLAVECO-PAP-MINA-300x225.jpg 300w, https:\/\/www.ecopreneur.pe\/wp-content\/uploads\/2022\/03\/MINA-QUELLAVECO-PAP-MINA-1024x768.jpg 1024w, https:\/\/www.ecopreneur.pe\/wp-content\/uploads\/2022\/03\/MINA-QUELLAVECO-PAP-MINA-768x576.jpg 768w\" sizes=\"auto, (max-width: 1040px) 100vw, 1040px\" \/>\t\t\t\t<div class=\"cap\">\n\t\t\t\t        <div  class=\"mid-title\">\n\t\t\t\t            <span class=\"cat-project\"><a href=\"https:\/\/www.ecopreneur.pe\/en\/portfolio\/minaquellaveco-pap\/\">Potabilization<\/a><\/span>\n\t\t\t\t\t\t    <a class=\"title-link-fdv\" href=\"https:\/\/www.ecopreneur.pe\/en\/portfolio\/minaquellaveco-pap\/\">\n\t\t\t\t\t\tQUELLAVECO MINE PAP MINE<\/a><\/div>\n\t\t\t\t\t\t\n\t\t\t\t<\/div>\n\t\t\t<\/div>\n\t\t<\/div>\n\t\t\t<div class=\"item-sld-crr\">\n\t\t\t<div class=\"inner-carousel-item\">\n\t\t\t\t<img loading=\"lazy\" decoding=\"async\" width=\"1600\" height=\"1200\" src=\"https:\/\/www.ecopreneur.pe\/wp-content\/uploads\/2022\/03\/MINA-QUELLAVECO-PAP-SALVEANI.jpg\" class=\"attachment-4753 size-4753 wp-post-image\" alt=\"\" medium=\"\" srcset=\"https:\/\/www.ecopreneur.pe\/wp-content\/uploads\/2022\/03\/MINA-QUELLAVECO-PAP-SALVEANI.jpg 1600w, https:\/\/www.ecopreneur.pe\/wp-content\/uploads\/2022\/03\/MINA-QUELLAVECO-PAP-SALVEANI-300x225.jpg 300w, https:\/\/www.ecopreneur.pe\/wp-content\/uploads\/2022\/03\/MINA-QUELLAVECO-PAP-SALVEANI-1024x768.jpg 1024w, https:\/\/www.ecopreneur.pe\/wp-content\/uploads\/2022\/03\/MINA-QUELLAVECO-PAP-SALVEANI-768x576.jpg 768w, https:\/\/www.ecopreneur.pe\/wp-content\/uploads\/2022\/03\/MINA-QUELLAVECO-PAP-SALVEANI-1536x1152.jpg 1536w\" sizes=\"auto, (max-width: 1600px) 100vw, 1600px\" \/>\t\t\t\t<div class=\"cap\">\n\t\t\t\t        <div  class=\"mid-title\">\n\t\t\t\t            <span class=\"cat-project\"><a href=\"https:\/\/www.ecopreneur.pe\/en\/portfolio\/mina-quellaveco-salveani\/\">Potabilization<\/a><\/span>\n\t\t\t\t\t\t    <a class=\"title-link-fdv\" href=\"https:\/\/www.ecopreneur.pe\/en\/portfolio\/mina-quellaveco-salveani\/\">\n\t\t\t\t\t\tQUELLAVECO MINE PAP SALVEANI<\/a><\/div>\n\t\t\t\t\t\t\n\t\t\t\t<\/div>\n\t\t\t<\/div>\n\t\t<\/div>\n\t\t\t<div class=\"item-sld-crr\">\n\t\t\t<div class=\"inner-carousel-item\">\n\t\t\t\t<img loading=\"lazy\" decoding=\"async\" width=\"1440\" height=\"911\" src=\"https:\/\/www.ecopreneur.pe\/wp-content\/uploads\/2021\/08\/ADA-El-Toro-2-e1646406170150.png\" class=\"attachment-4280 size-4280 wp-post-image\" alt=\"\" medium=\"\" srcset=\"https:\/\/www.ecopreneur.pe\/wp-content\/uploads\/2021\/08\/ADA-El-Toro-2-e1646406170150.png 1440w, https:\/\/www.ecopreneur.pe\/wp-content\/uploads\/2021\/08\/ADA-El-Toro-2-e1646406170150-300x190.png 300w, https:\/\/www.ecopreneur.pe\/wp-content\/uploads\/2021\/08\/ADA-El-Toro-2-e1646406170150-1024x648.png 1024w, https:\/\/www.ecopreneur.pe\/wp-content\/uploads\/2021\/08\/ADA-El-Toro-2-e1646406170150-768x486.png 768w, https:\/\/www.ecopreneur.pe\/wp-content\/uploads\/2021\/08\/ADA-El-Toro-2-e1646406170150-1536x972.png 1536w\" sizes=\"auto, (max-width: 1440px) 100vw, 1440px\" \/>\t\t\t\t<div class=\"cap\">\n\t\t\t\t        <div  class=\"mid-title\">\n\t\t\t\t            <span class=\"cat-project\"><a href=\"https:\/\/www.ecopreneur.pe\/en\/portfolio\/el-toro\/\">Potabilization<\/a><\/span>\n\t\t\t\t\t\t    <a class=\"title-link-fdv\" href=\"https:\/\/www.ecopreneur.pe\/en\/portfolio\/el-toro\/\">\n\t\t\t\t\t\tAltiplano El Toro Waters<\/a><\/div>\n\t\t\t\t\t\t\n\t\t\t\t<\/div>\n\t\t\t<\/div>\n\t\t<\/div>\n\t<\/div>\n\t<div class=\"wpb_text_column wpb_content_element\" >\n\t\t<div class=\"wpb_wrapper\">\n\t\t\t\n\n\t\t<\/div>\n\t<\/div>\n<\/div><\/div><\/div><\/div><div class=\"vc_row-full-width vc_clearfix\"><\/div><div class=\"vc_row wpb_row vc_row-fluid vc_custom_1651529337860 wd-rs-6270566ec0dfc\"><div class=\"wpb_column vc_column_container vc_col-sm-12 wd-alignment-left\"><div class=\"vc_column-inner\"><div class=\"wpb_wrapper\"><div class=\"vc_separator wpb_content_element vc_separator_align_center vc_sep_width_100 vc_sep_pos_align_center vc_sep_color_blue title-30 wpb_animate_when_almost_visible wpb_bounceIn bounceIn vc_separator-has-text\" ><span class=\"vc_sep_holder vc_sep_holder_l\"><span  class=\"vc_sep_line\"><\/span><\/span><h4>Do you want more information?<\/h4><span class=\"vc_sep_holder vc_sep_holder_r\"><span  class=\"vc_sep_line\"><\/span><\/span>\n<\/div><\/div><\/div><\/div><\/div><div class=\"vc_row wpb_row vc_row-fluid\"><div class=\"wpb_column vc_column_container vc_col-sm-12 wd-alignment-left\"><div class=\"vc_column-inner\"><div class=\"wpb_wrapper\">\n\t<div class=\"wpb_text_column wpb_content_element\" >\n\t\t<div class=\"wpb_wrapper\">\n\t\t\t<div class=\"gdlr-core-pbf-element\">\n<div class=\"gdlr-core-text-box-item gdlr-core-item-pdlr gdlr-core-item-pdb gdlr-core-center-align\">\n<div class=\"gdlr-core-text-box-item-content\">\n<h4 style=\"text-align: center;\">Complete our form and we will contact you shortly<\/h4>\n<\/div>\n<\/div>\n<\/div>\n<div class=\"gdlr-core-pbf-element\"><\/div>\n\n\t\t<\/div>\n\t<\/div>\n<div class=\"vc_btn3-container vc_btn3-center vc_custom_1653536006688\" ><a class=\"vc_general vc_btn3 vc_btn3-size-lg vc_btn3-shape-rounded vc_btn3-style-modern vc_btn3-icon-left vc_btn3-color-success\" href=\"https:\/\/www.ecopreneur.pe\/en\/contacto\/\" title=\"Contact\"><i class=\"vc_btn3-icon fas fa-paper-plane\"><\/i> Contact us<\/a><\/div><\/div><\/div><\/div><\/div>","protected":false},"excerpt":{"rendered":"Cliente Aguas del Altiplano Ubicaci\u00f3n Alto Hospicio, Regi\u00f3n de Tarapac\u00e1, Chile Fecha 2017 Caudal 240 m3\/d Soluci\u00f3n\u00a0Potabilizaci\u00f3n Sistema de Tratamiento","protected":false},"author":4,"featured_media":0,"parent":0,"menu_order":0,"comment_status":"closed","ping_status":"closed","template":"","meta":{"footnotes":""},"class_list":["post-3745","page","type-page","status-publish","hentry"],"_links":{"self":[{"href":"https:\/\/www.ecopreneur.pe\/en\/wp-json\/wp\/v2\/pages\/3745","targetHints":{"allow":["GET"]}}],"collection":[{"href":"https:\/\/www.ecopreneur.pe\/en\/wp-json\/wp\/v2\/pages"}],"about":[{"href":"https:\/\/www.ecopreneur.pe\/en\/wp-json\/wp\/v2\/types\/page"}],"author":[{"embeddable":true,"href":"https:\/\/www.ecopreneur.pe\/en\/wp-json\/wp\/v2\/users\/4"}],"replies":[{"embeddable":true,"href":"https:\/\/www.ecopreneur.pe\/en\/wp-json\/wp\/v2\/comments?post=3745"}],"version-history":[{"count":7,"href":"https:\/\/www.ecopreneur.pe\/en\/wp-json\/wp\/v2\/pages\/3745\/revisions"}],"predecessor-version":[{"id":6986,"href":"https:\/\/www.ecopreneur.pe\/en\/wp-json\/wp\/v2\/pages\/3745\/revisions\/6986"}],"wp:attachment":[{"href":"https:\/\/www.ecopreneur.pe\/en\/wp-json\/wp\/v2\/media?parent=3745"}],"curies":[{"name":"wp","href":"https:\/\/api.w.org\/{rel}","templated":true}]}}