{"id":3658,"date":"2021-05-25T16:07:46","date_gmt":"2021-05-25T19:07:46","guid":{"rendered":"https:\/\/pruebas.gux.cl\/?page_id=3658"},"modified":"2022-09-23T14:50:43","modified_gmt":"2022-09-23T17:50:43","slug":"desalacion-y-reuso","status":"publish","type":"page","link":"https:\/\/www.ecopreneur.pe\/en\/desalacion-y-reuso\/","title":{"rendered":"Desalination And Reuse"},"content":{"rendered":"<div data-vc-full-width=\"true\" data-vc-full-width-init=\"false\" class=\"vc_row wpb_row vc_row-fluid vc_custom_1651538135260 vc_row-has-fill vc_row-o-full-height vc_row-o-columns-middle vc_row-o-equal-height vc_row-o-content-middle vc_row-flex wd-rs-627078cc73185\"><div class=\"wpb_column vc_column_container vc_col-sm-6 wd-alignment-left\"><div class=\"vc_column-inner\"><div class=\"wpb_wrapper\"><div class=\"vc_separator wpb_content_element vc_separator_align_left vc_sep_width_30 vc_sep_border_width_2 vc_sep_pos_align_left vc_sep_color_blue wpb_animate_when_almost_visible wpb_bounceIn bounceIn vc_separator-has-text\" ><span class=\"vc_sep_holder vc_sep_holder_l\"><span  class=\"vc_sep_line\"><\/span><\/span><h4>Desalination And Reuse<\/h4><span class=\"vc_sep_holder vc_sep_holder_r\"><span  class=\"vc_sep_line\"><\/span><\/span>\n<\/div>\n\t<div class=\"wpb_text_column wpb_content_element\" >\n\t\t<div class=\"wpb_wrapper\">\n\t\t\t<h3 class=\"title-30\">Desalination or desalination is a process that allows to reduce the content of salts in the water<\/h3>\n\n\t\t<\/div>\n\t<\/div>\n<\/div><\/div><\/div><div class=\"wpb_column vc_column_container vc_col-sm-6 wd-alignment-left wd-rs-627051ca9346e\"><div class=\"vc_column-inner vc_custom_1651528150646\"><div class=\"wpb_wrapper\">\n\t<div class=\"wpb_text_column wpb_content_element\" >\n\t\t<div class=\"wpb_wrapper\">\n\t\t\t<p>For this reason, it has been widely used in the transformation of water in order to add value and allow the water to be used in the manner required for each process. One of the most notable examples of the use of desalination refers to the treatment of salt water (sea water) or brackish water (with high salt content in non-marine water) for the production of drinking water or water for processes that allow the development of economic activities intensive in the consumption of this resource.<\/p>\n<p>On the other hand, the scarcity of water in the world has led to the development of technologies that make it possible to reuse water (reuse) in different applications instead of being discharged into watercourses, thus reducing the consumption of fresh water and contamination of receiving\nwaterways.<\/p>\n\n\t\t<\/div>\n\t<\/div>\n<\/div><\/div><\/div><\/div><div class=\"vc_row-full-width vc_clearfix\"><\/div><div data-vc-full-width=\"true\" data-vc-full-width-init=\"false\" data-vc-stretch-content=\"true\" class=\"vc_row wpb_row vc_row-fluid vc_custom_1651537184404 vc_row-has-fill vc_row-no-padding wd-rs-627074d83670c\"><div class=\"wpb_column vc_column_container vc_col-sm-12 wd-alignment-left\"><div class=\"vc_column-inner\"><div class=\"wpb_wrapper\"><div class=\"vc_separator wpb_content_element vc_separator_align_center vc_sep_width_100 vc_sep_pos_align_center vc_sep_color_blue title-30 vc_separator-has-text\" ><span class=\"vc_sep_holder vc_sep_holder_l\"><span  class=\"vc_sep_line\"><\/span><\/span><h4>Featured Projects<\/h4><span class=\"vc_sep_holder vc_sep_holder_r\"><span  class=\"vc_sep_line\"><\/span><\/span>\n<\/div>\t\n\t<style>\n.inner-carousel-item {  position: relative;  height: 220px;overflow: hidden;}\n.inner-carousel-item img{position:absolute;left:0;top:0;width:100%;height:100%;object-fit:cover}\n.inner-carousel-item .cap{position: absolute; width:100%;height:100%;left:0;top:0;background:transparent;z-index: 9;transition:all 500ms ease-in}\n.inner-carousel-item .title-box-item{ background:#fff; position:absolute;width:80%;left:10%;bottom:7%;\npadding: 12px 8px ; border-radius:8px; color:#575757; font-weight:bold;font-size:14px;\ntext-decoration:none}\n.inner-carousel-item .mid-title {opacity: 1;\n\tposition: absolute;\n    left: 0;\n    top: 50%;\n    display: block;\n    width: 100%;\n   \n    font-weight: bold;\n    text-align: center;\n    text-decoration: none;\n    text-transform: uppercase;\n    \n    margin-top: -15px;\n\ttransition:all 500ms ease-in}\n\t.inner-carousel-item .cap{background:rgb(0 0 0 \/ 40%);}\n\t.cat-project{display:block; margin-bottom:3px;}\n\t.cat-project a{font-size:12px; color:#d5d5d5;font-weight:normal; text-shadow: 0 0 7px #000;}\n\t.title-link-fdv{font-size: 14px; color:#d5d5d5; text-shadow: 0 0 7px #000;}\n\t.title-link-fdv:hover{color:#f3f3f3;}\n\t\n\/*\t#proyectos .owl-dots{display:block;}*\/\n<\/style>\n<div id=\"\" class=\"owl-carousel owl-theme -c\">\t\t<div class=\"item-sld-crr\">\n\t\t\t<div class=\"inner-carousel-item\">\n\t\t\t\t<img loading=\"lazy\" decoding=\"async\" width=\"1440\" height=\"1080\" src=\"https:\/\/www.ecopreneur.pe\/wp-content\/uploads\/2021\/07\/Coloso-3-1-scaled-1.jpg\" class=\"attachment-4209 size-4209 wp-post-image\" alt=\"\" medium=\"\" srcset=\"https:\/\/www.ecopreneur.pe\/wp-content\/uploads\/2021\/07\/Coloso-3-1-scaled-1.jpg 1440w, https:\/\/www.ecopreneur.pe\/wp-content\/uploads\/2021\/07\/Coloso-3-1-scaled-1-300x225.jpg 300w, https:\/\/www.ecopreneur.pe\/wp-content\/uploads\/2021\/07\/Coloso-3-1-scaled-1-1024x768.jpg 1024w, https:\/\/www.ecopreneur.pe\/wp-content\/uploads\/2021\/07\/Coloso-3-1-scaled-1-768x576.jpg 768w, https:\/\/www.ecopreneur.pe\/wp-content\/uploads\/2021\/07\/Coloso-3-1-scaled-1-1536x1152.jpg 1536w, https:\/\/www.ecopreneur.pe\/wp-content\/uploads\/2021\/07\/Coloso-3-1-scaled-1-2048x1536.jpg 2048w\" sizes=\"auto, (max-width: 1440px) 100vw, 1440px\" \/>\t\t\t\t<div class=\"cap\">\n\t\t\t\t        <div  class=\"mid-title\">\n\t\t\t\t            <span class=\"cat-project\"><a href=\"https:\/\/www.ecopreneur.pe\/en\/portfolio\/puerto-coloso\/\">Desalination And Reuse<\/a><\/span>\n\t\t\t\t\t\t    <a class=\"title-link-fdv\" href=\"https:\/\/www.ecopreneur.pe\/en\/portfolio\/puerto-coloso\/\">\n\t\t\t\t\t\tBHP Billiton Puerto Coloso<\/a><\/div>\n\t\t\t\t\t\t\n\t\t\t\t<\/div>\n\t\t\t<\/div>\n\t\t<\/div>\n\t\t\t<div class=\"item-sld-crr\">\n\t\t\t<div class=\"inner-carousel-item\">\n\t\t\t\t<img loading=\"lazy\" decoding=\"async\" width=\"1440\" height=\"810\" src=\"https:\/\/www.ecopreneur.pe\/wp-content\/uploads\/2021\/07\/Chagres-3-1.jpg\" class=\"attachment-4199 size-4199 wp-post-image\" alt=\"\" medium=\"\" srcset=\"https:\/\/www.ecopreneur.pe\/wp-content\/uploads\/2021\/07\/Chagres-3-1.jpg 1440w, https:\/\/www.ecopreneur.pe\/wp-content\/uploads\/2021\/07\/Chagres-3-1-300x169.jpg 300w, https:\/\/www.ecopreneur.pe\/wp-content\/uploads\/2021\/07\/Chagres-3-1-1024x576.jpg 1024w, https:\/\/www.ecopreneur.pe\/wp-content\/uploads\/2021\/07\/Chagres-3-1-768x432.jpg 768w, https:\/\/www.ecopreneur.pe\/wp-content\/uploads\/2021\/07\/Chagres-3-1-1536x864.jpg 1536w, https:\/\/www.ecopreneur.pe\/wp-content\/uploads\/2021\/07\/Chagres-3-1-2048x1152.jpg 2048w\" sizes=\"auto, (max-width: 1440px) 100vw, 1440px\" \/>\t\t\t\t<div class=\"cap\">\n\t\t\t\t        <div  class=\"mid-title\">\n\t\t\t\t            <span class=\"cat-project\"><a href=\"https:\/\/www.ecopreneur.pe\/en\/portfolio\/chagres\/\">Desalination And Reuse<\/a><\/span>\n\t\t\t\t\t\t    <a class=\"title-link-fdv\" href=\"https:\/\/www.ecopreneur.pe\/en\/portfolio\/chagres\/\">\n\t\t\t\t\t\tChagres Foundry<\/a><\/div>\n\t\t\t\t\t\t\n\t\t\t\t<\/div>\n\t\t\t<\/div>\n\t\t<\/div>\n\t\t\t<div class=\"item-sld-crr\">\n\t\t\t<div class=\"inner-carousel-item\">\n\t\t\t\t<img loading=\"lazy\" decoding=\"async\" width=\"768\" height=\"578\" src=\"https:\/\/www.ecopreneur.pe\/wp-content\/uploads\/2021\/07\/image36.jpeg\" class=\"attachment-4192 size-4192 wp-post-image\" alt=\"\" medium=\"\" srcset=\"https:\/\/www.ecopreneur.pe\/wp-content\/uploads\/2021\/07\/image36.jpeg 768w, https:\/\/www.ecopreneur.pe\/wp-content\/uploads\/2021\/07\/image36-300x226.jpeg 300w\" sizes=\"auto, (max-width: 768px) 100vw, 768px\" \/>\t\t\t\t<div class=\"cap\">\n\t\t\t\t        <div  class=\"mid-title\">\n\t\t\t\t            <span class=\"cat-project\"><a href=\"https:\/\/www.ecopreneur.pe\/en\/portfolio\/michilla-i\/\">Desalination And Reuse<\/a><\/span>\n\t\t\t\t\t\t    <a class=\"title-link-fdv\" href=\"https:\/\/www.ecopreneur.pe\/en\/portfolio\/michilla-i\/\">\n\t\t\t\t\t\tAntofagasta Minerals Roughing Equipment<\/a><\/div>\n\t\t\t\t\t\t\n\t\t\t\t<\/div>\n\t\t\t<\/div>\n\t\t<\/div>\n\t\t\t<div class=\"item-sld-crr\">\n\t\t\t<div class=\"inner-carousel-item\">\n\t\t\t\t<img loading=\"lazy\" decoding=\"async\" width=\"1416\" height=\"1062\" src=\"https:\/\/www.ecopreneur.pe\/wp-content\/uploads\/2021\/07\/image23.png\" class=\"attachment-4190 size-4190 wp-post-image\" alt=\"\" medium=\"\" srcset=\"https:\/\/www.ecopreneur.pe\/wp-content\/uploads\/2021\/07\/image23.png 1416w, https:\/\/www.ecopreneur.pe\/wp-content\/uploads\/2021\/07\/image23-300x225.png 300w, https:\/\/www.ecopreneur.pe\/wp-content\/uploads\/2021\/07\/image23-1024x768.png 1024w, https:\/\/www.ecopreneur.pe\/wp-content\/uploads\/2021\/07\/image23-768x576.png 768w\" sizes=\"auto, (max-width: 1416px) 100vw, 1416px\" \/>\t\t\t\t<div class=\"cap\">\n\t\t\t\t        <div  class=\"mid-title\">\n\t\t\t\t            <span class=\"cat-project\"><a href=\"https:\/\/www.ecopreneur.pe\/en\/portfolio\/inco\/\">Desalination And Reuse<\/a><\/span>\n\t\t\t\t\t\t    <a class=\"title-link-fdv\" href=\"https:\/\/www.ecopreneur.pe\/en\/portfolio\/inco\/\">\n\t\t\t\t\t\tAntofagasta Minerals Los Pelambres \u2013 INCO<\/a><\/div>\n\t\t\t\t\t\t\n\t\t\t\t<\/div>\n\t\t\t<\/div>\n\t\t<\/div>\n\t\t\t<div class=\"item-sld-crr\">\n\t\t\t<div class=\"inner-carousel-item\">\n\t\t\t\t<img loading=\"lazy\" decoding=\"async\" width=\"1440\" height=\"810\" src=\"https:\/\/www.ecopreneur.pe\/wp-content\/uploads\/2021\/07\/Potrerillos-1-1-scaled-1.jpg\" class=\"attachment-4201 size-4201 wp-post-image\" alt=\"\" medium=\"\" srcset=\"https:\/\/www.ecopreneur.pe\/wp-content\/uploads\/2021\/07\/Potrerillos-1-1-scaled-1.jpg 1440w, https:\/\/www.ecopreneur.pe\/wp-content\/uploads\/2021\/07\/Potrerillos-1-1-scaled-1-300x169.jpg 300w, https:\/\/www.ecopreneur.pe\/wp-content\/uploads\/2021\/07\/Potrerillos-1-1-scaled-1-1024x576.jpg 1024w, https:\/\/www.ecopreneur.pe\/wp-content\/uploads\/2021\/07\/Potrerillos-1-1-scaled-1-768x432.jpg 768w, https:\/\/www.ecopreneur.pe\/wp-content\/uploads\/2021\/07\/Potrerillos-1-1-scaled-1-1536x864.jpg 1536w, https:\/\/www.ecopreneur.pe\/wp-content\/uploads\/2021\/07\/Potrerillos-1-1-scaled-1-2048x1152.jpg 2048w\" sizes=\"auto, (max-width: 1440px) 100vw, 1440px\" \/>\t\t\t\t<div class=\"cap\">\n\t\t\t\t        <div  class=\"mid-title\">\n\t\t\t\t            <span class=\"cat-project\"><a href=\"https:\/\/www.ecopreneur.pe\/en\/portfolio\/fpotrerillos\/\">Desalination And Reuse<\/a><\/span>\n\t\t\t\t\t\t    <a class=\"title-link-fdv\" href=\"https:\/\/www.ecopreneur.pe\/en\/portfolio\/fpotrerillos\/\">\n\t\t\t\t\t\tPotrerillos Foundry<\/a><\/div>\n\t\t\t\t\t\t\n\t\t\t\t<\/div>\n\t\t\t<\/div>\n\t\t<\/div>\n\t<\/div>\n\t<div class=\"wpb_text_column wpb_content_element\" >\n\t\t<div class=\"wpb_wrapper\">\n\t\t\t\n\n\t\t<\/div>\n\t<\/div>\n<\/div><\/div><\/div><\/div><div class=\"vc_row-full-width vc_clearfix\"><\/div><div class=\"vc_row wpb_row vc_row-fluid vc_custom_1651529337860 wd-rs-6270566ec0dfc\"><div class=\"wpb_column vc_column_container vc_col-sm-12 wd-alignment-left\"><div class=\"vc_column-inner\"><div class=\"wpb_wrapper\"><div class=\"vc_separator wpb_content_element vc_separator_align_center vc_sep_width_100 vc_sep_pos_align_center vc_sep_color_blue title-30 wpb_animate_when_almost_visible wpb_bounceIn bounceIn vc_separator-has-text\" ><span class=\"vc_sep_holder vc_sep_holder_l\"><span  class=\"vc_sep_line\"><\/span><\/span><h4>Do you want more information?<\/h4><span class=\"vc_sep_holder vc_sep_holder_r\"><span  class=\"vc_sep_line\"><\/span><\/span>\n<\/div><\/div><\/div><\/div><\/div><div class=\"vc_row wpb_row vc_row-fluid\"><div class=\"wpb_column vc_column_container vc_col-sm-12 wd-alignment-left\"><div class=\"vc_column-inner\"><div class=\"wpb_wrapper\">\n\t<div class=\"wpb_text_column wpb_content_element\" >\n\t\t<div class=\"wpb_wrapper\">\n\t\t\t<div class=\"gdlr-core-pbf-element\">\n<div class=\"gdlr-core-text-box-item gdlr-core-item-pdlr gdlr-core-item-pdb gdlr-core-center-align\">\n<div class=\"gdlr-core-text-box-item-content\">\n<h4 style=\"text-align: center;\">Complete our form and we will contact you shortly<\/h4>\n<\/div>\n<\/div>\n<\/div>\n<div class=\"gdlr-core-pbf-element\"><\/div>\n\n\t\t<\/div>\n\t<\/div>\n<div class=\"vc_btn3-container vc_btn3-center vc_custom_1653535791960\" ><a class=\"vc_general vc_btn3 vc_btn3-size-lg vc_btn3-shape-rounded vc_btn3-style-modern vc_btn3-icon-left vc_btn3-color-success\" href=\"https:\/\/www.ecopreneur.pe\/en\/contacto\/\" title=\"Contact\"><i class=\"vc_btn3-icon fas fa-paper-plane\"><\/i> Contact us<\/a><\/div><\/div><\/div><\/div><\/div>","protected":false},"excerpt":{"rendered":"Cliente Codelco Ubicaci\u00f3n Fundici\u00f3n Potrerillos, Regi\u00f3n Atacama, Chile Fecha Mayo 2018 Caudal 200 m3\/d Soluci\u00f3n Tratamiento de residuos industriales l\u00edquidos","protected":false},"author":4,"featured_media":0,"parent":0,"menu_order":0,"comment_status":"closed","ping_status":"closed","template":"","meta":{"footnotes":""},"class_list":["post-3658","page","type-page","status-publish","hentry"],"_links":{"self":[{"href":"https:\/\/www.ecopreneur.pe\/en\/wp-json\/wp\/v2\/pages\/3658","targetHints":{"allow":["GET"]}}],"collection":[{"href":"https:\/\/www.ecopreneur.pe\/en\/wp-json\/wp\/v2\/pages"}],"about":[{"href":"https:\/\/www.ecopreneur.pe\/en\/wp-json\/wp\/v2\/types\/page"}],"author":[{"embeddable":true,"href":"https:\/\/www.ecopreneur.pe\/en\/wp-json\/wp\/v2\/users\/4"}],"replies":[{"embeddable":true,"href":"https:\/\/www.ecopreneur.pe\/en\/wp-json\/wp\/v2\/comments?post=3658"}],"version-history":[{"count":9,"href":"https:\/\/www.ecopreneur.pe\/en\/wp-json\/wp\/v2\/pages\/3658\/revisions"}],"predecessor-version":[{"id":7314,"href":"https:\/\/www.ecopreneur.pe\/en\/wp-json\/wp\/v2\/pages\/3658\/revisions\/7314"}],"wp:attachment":[{"href":"https:\/\/www.ecopreneur.pe\/en\/wp-json\/wp\/v2\/media?parent=3658"}],"curies":[{"name":"wp","href":"https:\/\/api.w.org\/{rel}","templated":true}]}}